{"id":22,"date":"2019-03-22T07:29:11","date_gmt":"2019-03-22T07:29:11","guid":{"rendered":"http:\/\/deejee.hu\/?page_id=22"},"modified":"2024-02-15T15:59:38","modified_gmt":"2024-02-15T15:59:38","slug":"tagok","status":"publish","type":"page","link":"http:\/\/deejee.hu\/index.php\/tagok\/","title":{"rendered":"Tagok"},"content":{"rendered":"\t\t<div data-elementor-type=\"wp-page\" data-elementor-id=\"22\" class=\"elementor elementor-22\">\n\t\t\t\t\t\t\t<div class=\"elementor-element elementor-element-151699c e-flex e-con-boxed e-con e-parent\" data-id=\"151699c\" data-element_type=\"container\" data-settings=\"{&quot;content_width&quot;:&quot;boxed&quot;}\" data-core-v316-plus=\"true\">\n\t\t\t\t\t<div class=\"e-con-inner\">\n\t\t\t\t<div class=\"elementor-element elementor-element-29202bc elementor-widget elementor-widget-heading\" data-id=\"29202bc\" data-element_type=\"widget\" data-widget_type=\"heading.default\">\n\t\t\t\t<div class=\"elementor-widget-container\">\n\t\t\t<style>\/*! elementor - v3.18.0 - 20-12-2023 *\/\n.elementor-heading-title{padding:0;margin:0;line-height:1}.elementor-widget-heading .elementor-heading-title[class*=elementor-size-]>a{color:inherit;font-size:inherit;line-height:inherit}.elementor-widget-heading .elementor-heading-title.elementor-size-small{font-size:15px}.elementor-widget-heading .elementor-heading-title.elementor-size-medium{font-size:19px}.elementor-widget-heading .elementor-heading-title.elementor-size-large{font-size:29px}.elementor-widget-heading .elementor-heading-title.elementor-size-xl{font-size:39px}.elementor-widget-heading .elementor-heading-title.elementor-size-xxl{font-size:59px}<\/style><h2 class=\"elementor-heading-title elementor-size-default\">Team<\/h2>\t\t<\/div>\n\t\t\t\t<\/div>\n\t\t\t\t<div class=\"elementor-element elementor-element-734810c1 elementor-widget elementor-widget-text-editor\" data-id=\"734810c1\" data-element_type=\"widget\" data-widget_type=\"text-editor.default\">\n\t\t\t\t<div class=\"elementor-widget-container\">\n\t\t\t<style>\/*! elementor - v3.18.0 - 20-12-2023 *\/\n.elementor-widget-text-editor.elementor-drop-cap-view-stacked .elementor-drop-cap{background-color:#69727d;color:#fff}.elementor-widget-text-editor.elementor-drop-cap-view-framed .elementor-drop-cap{color:#69727d;border:3px solid;background-color:transparent}.elementor-widget-text-editor:not(.elementor-drop-cap-view-default) .elementor-drop-cap{margin-top:8px}.elementor-widget-text-editor:not(.elementor-drop-cap-view-default) .elementor-drop-cap-letter{width:1em;height:1em}.elementor-widget-text-editor .elementor-drop-cap{float:left;text-align:center;line-height:1;font-size:50px}.elementor-widget-text-editor .elementor-drop-cap-letter{display:inline-block}<\/style>\t\t\t\t<!-- wp:paragraph -->\n<p>Szabadkai Bal\u00e1zs DJ BAL\u00c1ZS<\/p>\n<p>Balazsek Attila DJ ZSEKA<\/p>\n<p>Vincze Tam\u00e1s DJ SAJT<\/p>\n<p>Horv\u00e1th Bence DJ Neon Rider<\/p>\n<p>Fazekas J\u00e1nos DJ \u00d6csi<\/p>\n<p>Ny\u00e1ri Attila Dj ESTIVAL<\/p>\n<!-- \/wp:paragraph -->\t\t\t\t\t\t<\/div>\n\t\t\t\t<\/div>\n\t\t\t\t\t<\/div>\n\t\t\t\t<\/div>\n\t\t\t\t\t\t\t<\/div>\n\t\t","protected":false},"excerpt":{"rendered":"<p>Team Szabadkai Bal\u00e1zs DJ BAL\u00c1ZS Balazsek Attila DJ ZSEKA Vincze Tam\u00e1s DJ SAJT Horv\u00e1th Bence DJ Neon Rider Fazekas J\u00e1nos DJ \u00d6csi Ny\u00e1ri Attila Dj ESTIVAL<\/p>\n","protected":false},"author":1,"featured_media":0,"parent":0,"menu_order":0,"comment_status":"closed","ping_status":"closed","template":"elementor_header_footer","meta":{"footnotes":""},"_links":{"self":[{"href":"http:\/\/deejee.hu\/index.php\/wp-json\/wp\/v2\/pages\/22"}],"collection":[{"href":"http:\/\/deejee.hu\/index.php\/wp-json\/wp\/v2\/pages"}],"about":[{"href":"http:\/\/deejee.hu\/index.php\/wp-json\/wp\/v2\/types\/page"}],"author":[{"embeddable":true,"href":"http:\/\/deejee.hu\/index.php\/wp-json\/wp\/v2\/users\/1"}],"replies":[{"embeddable":true,"href":"http:\/\/deejee.hu\/index.php\/wp-json\/wp\/v2\/comments?post=22"}],"version-history":[{"count":5,"href":"http:\/\/deejee.hu\/index.php\/wp-json\/wp\/v2\/pages\/22\/revisions"}],"predecessor-version":[{"id":149,"href":"http:\/\/deejee.hu\/index.php\/wp-json\/wp\/v2\/pages\/22\/revisions\/149"}],"wp:attachment":[{"href":"http:\/\/deejee.hu\/index.php\/wp-json\/wp\/v2\/media?parent=22"}],"curies":[{"name":"wp","href":"https:\/\/api.w.org\/{rel}","templated":true}]}}